{"id":1908,"date":"2024-09-04T22:10:24","date_gmt":"2024-09-04T22:10:24","guid":{"rendered":"https:\/\/www.top-queens.com\/?page_id=1908"},"modified":"2024-09-11T23:35:32","modified_gmt":"2024-09-11T23:35:32","slug":"shipping-return-policy","status":"publish","type":"page","link":"https:\/\/www.top-queens.com\/es\/shipping-return-policy\/","title":{"rendered":"Gastos De Env\u00edo Y Devoluci\u00f3n De La Pol\u00edtica"},"content":{"rendered":"<p><img loading=\"lazy\" decoding=\"async\" src=\"https:\/\/www.top-queens.com\/wp-content\/uploads\/2024\/09\/2024091123345868.jpg\" alt=\"\" width=\"850\" height=\"1625\" class=\"alignnone size-full wp-image-1971\" srcset=\"https:\/\/www.top-queens.com\/wp-content\/uploads\/2024\/09\/2024091123345868.jpg 850w, https:\/\/www.top-queens.com\/wp-content\/uploads\/2024\/09\/2024091123345868-157x300.jpg 157w, https:\/\/www.top-queens.com\/wp-content\/uploads\/2024\/09\/2024091123345868-536x1024.jpg 536w, https:\/\/www.top-queens.com\/wp-content\/uploads\/2024\/09\/2024091123345868-768x1468.jpg 768w, https:\/\/www.top-queens.com\/wp-content\/uploads\/2024\/09\/2024091123345868-803x1536.jpg 803w, https:\/\/www.top-queens.com\/wp-content\/uploads\/2024\/09\/2024091123345868-300x574.jpg 300w, https:\/\/www.top-queens.com\/wp-content\/uploads\/2024\/09\/2024091123345868-600x1147.jpg 600w\" sizes=\"auto, (max-width: 850px) 100vw, 850px\" \/><\/p>","protected":false},"excerpt":{"rendered":"","protected":false},"author":1,"featured_media":0,"parent":0,"menu_order":0,"comment_status":"closed","ping_status":"closed","template":"","meta":{"footnotes":""},"class_list":["post-1908","page","type-page","status-publish","hentry"],"jetpack_sharing_enabled":true,"_links":{"self":[{"href":"https:\/\/www.top-queens.com\/es\/wp-json\/wp\/v2\/pages\/1908","targetHints":{"allow":["GET"]}}],"collection":[{"href":"https:\/\/www.top-queens.com\/es\/wp-json\/wp\/v2\/pages"}],"about":[{"href":"https:\/\/www.top-queens.com\/es\/wp-json\/wp\/v2\/types\/page"}],"author":[{"embeddable":true,"href":"https:\/\/www.top-queens.com\/es\/wp-json\/wp\/v2\/users\/1"}],"replies":[{"embeddable":true,"href":"https:\/\/www.top-queens.com\/es\/wp-json\/wp\/v2\/comments?post=1908"}],"version-history":[{"count":3,"href":"https:\/\/www.top-queens.com\/es\/wp-json\/wp\/v2\/pages\/1908\/revisions"}],"predecessor-version":[{"id":1972,"href":"https:\/\/www.top-queens.com\/es\/wp-json\/wp\/v2\/pages\/1908\/revisions\/1972"}],"wp:attachment":[{"href":"https:\/\/www.top-queens.com\/es\/wp-json\/wp\/v2\/media?parent=1908"}],"curies":[{"name":"wp","href":"https:\/\/api.w.org\/{rel}","templated":true}]}}